{"id":618,"date":"2024-03-16T01:37:16","date_gmt":"2024-03-16T01:37:16","guid":{"rendered":"https:\/\/quillbot.com\/blog\/homepage\/"},"modified":"2025-06-20T06:20:23","modified_gmt":"2025-06-20T06:20:23","slug":"homepage","status":"publish","type":"page","link":"https:\/\/languagetool.org\/insights\/de\/","title":{"rendered":"LanguageTool"},"content":{"rendered":"","protected":false},"excerpt":{"rendered":"","protected":false},"author":1,"featured_media":0,"parent":0,"menu_order":0,"comment_status":"closed","ping_status":"closed","template":"knowledgebase-2021.php","meta":{"_acf_changed":false,"_relevanssi_hide_post":"","_relevanssi_hide_content":"","_relevanssi_pin_for_all":"","_relevanssi_pin_keywords":"","_relevanssi_unpin_keywords":"","_relevanssi_related_keywords":"","_relevanssi_related_include_ids":"","_relevanssi_related_exclude_ids":"","_relevanssi_related_no_append":"","_relevanssi_related_not_related":"","_relevanssi_related_posts":"","_relevanssi_noindex_reason":"","footnotes":""},"class_list":["post-618","page","type-page","status-publish"],"acf":[],"yoast_head":"<title>Wissenswertes \u00fcber die deutsche Sprache<\/title>\n<meta name=\"description\" content=\"Entdecken Sie mit diesem Sprachblog interessante Fakten und Hintergr\u00fcnde \u00fcber die deutsche Sprache. Wir erkl\u00e4ren Regeln und geben dazu Beispiele.\" \/>\n<meta name=\"robots\" content=\"index, follow, max-snippet:-1, max-image-preview:large, max-video-preview:-1\" \/>\n<link rel=\"canonical\" href=\"https:\/\/languagetool.org\/insights\/de\/\" \/>\n<meta property=\"og:locale\" content=\"de_DE\" \/>\n<meta property=\"og:type\" content=\"article\" \/>\n<meta property=\"og:title\" content=\"LanguageTool\" \/>\n<meta property=\"og:url\" content=\"https:\/\/languagetool.org\/insights\/de\/\" \/>\n<meta property=\"og:site_name\" content=\"LanguageTool\" \/>\n<meta property=\"article:modified_time\" content=\"2025-06-20T06:20:23+00:00\" \/>\n<meta name=\"twitter:card\" content=\"summary_large_image\" \/>\n<script type=\"application\/ld+json\" class=\"yoast-schema-graph\">{\"@context\":\"https:\/\/schema.org\",\"@graph\":[{\"@type\":\"WebPage\",\"@id\":\"https:\/\/languagetool.org\/insights\/de\/\",\"url\":\"https:\/\/languagetool.org\/insights\/de\/\",\"name\":\"Wissenswertes \u00fcber die deutsche Sprache\",\"isPartOf\":{\"@id\":\"https:\/\/languagetool.org\/insights\/de\/#website\"},\"datePublished\":\"2024-03-16T01:37:16+00:00\",\"dateModified\":\"2025-06-20T06:20:23+00:00\",\"description\":\"Entdecken Sie mit diesem Sprachblog interessante Fakten und Hintergr\u00fcnde \u00fcber die deutsche Sprache. Wir erkl\u00e4ren Regeln und geben dazu Beispiele.\",\"breadcrumb\":{\"@id\":\"https:\/\/languagetool.org\/insights\/de\/#breadcrumb\"},\"inLanguage\":\"de-DE\",\"potentialAction\":[{\"@type\":\"ReadAction\",\"target\":[\"https:\/\/languagetool.org\/insights\/de\/\"]}]},{\"@type\":\"BreadcrumbList\",\"@id\":\"https:\/\/languagetool.org\/insights\/de\/#breadcrumb\",\"itemListElement\":[{\"@type\":\"ListItem\",\"position\":1,\"name\":\"Home\",\"item\":\"https:\/\/languagetool.org\/insights\/de\/\"},{\"@type\":\"ListItem\",\"position\":2,\"name\":\"LanguageTool\"}]},{\"@type\":\"WebSite\",\"@id\":\"https:\/\/languagetool.org\/insights\/de\/#website\",\"url\":\"https:\/\/languagetool.org\/insights\/de\/\",\"name\":\"LanguageTool\",\"description\":\"Insights into Good Writing\",\"potentialAction\":[{\"@type\":\"SearchAction\",\"target\":{\"@type\":\"EntryPoint\",\"urlTemplate\":\"https:\/\/languagetool.org\/insights\/de\/?s={search_term_string}\"},\"query-input\":{\"@type\":\"PropertyValueSpecification\",\"valueRequired\":true,\"valueName\":\"search_term_string\"}}],\"inLanguage\":\"de-DE\"}]}<\/script>","yoast_head_json":{"title":"Wissenswertes \u00fcber die deutsche Sprache","description":"Entdecken Sie mit diesem Sprachblog interessante Fakten und Hintergr\u00fcnde \u00fcber die deutsche Sprache. Wir erkl\u00e4ren Regeln und geben dazu Beispiele.","robots":{"index":"index","follow":"follow","max-snippet":"max-snippet:-1","max-image-preview":"max-image-preview:large","max-video-preview":"max-video-preview:-1"},"canonical":"https:\/\/languagetool.org\/insights\/de\/","og_locale":"de_DE","og_type":"article","og_title":"LanguageTool","og_url":"https:\/\/languagetool.org\/insights\/de\/","og_site_name":"LanguageTool","article_modified_time":"2025-06-20T06:20:23+00:00","twitter_card":"summary_large_image","schema":{"@context":"https:\/\/schema.org","@graph":[{"@type":"WebPage","@id":"https:\/\/languagetool.org\/insights\/de\/","url":"https:\/\/languagetool.org\/insights\/de\/","name":"Wissenswertes \u00fcber die deutsche Sprache","isPartOf":{"@id":"https:\/\/languagetool.org\/insights\/de\/#website"},"datePublished":"2024-03-16T01:37:16+00:00","dateModified":"2025-06-20T06:20:23+00:00","description":"Entdecken Sie mit diesem Sprachblog interessante Fakten und Hintergr\u00fcnde \u00fcber die deutsche Sprache. Wir erkl\u00e4ren Regeln und geben dazu Beispiele.","breadcrumb":{"@id":"https:\/\/languagetool.org\/insights\/de\/#breadcrumb"},"inLanguage":"de-DE","potentialAction":[{"@type":"ReadAction","target":["https:\/\/languagetool.org\/insights\/de\/"]}]},{"@type":"BreadcrumbList","@id":"https:\/\/languagetool.org\/insights\/de\/#breadcrumb","itemListElement":[{"@type":"ListItem","position":1,"name":"Home","item":"https:\/\/languagetool.org\/insights\/de\/"},{"@type":"ListItem","position":2,"name":"LanguageTool"}]},{"@type":"WebSite","@id":"https:\/\/languagetool.org\/insights\/de\/#website","url":"https:\/\/languagetool.org\/insights\/de\/","name":"LanguageTool","description":"Insights into Good Writing","potentialAction":[{"@type":"SearchAction","target":{"@type":"EntryPoint","urlTemplate":"https:\/\/languagetool.org\/insights\/de\/?s={search_term_string}"},"query-input":{"@type":"PropertyValueSpecification","valueRequired":true,"valueName":"search_term_string"}}],"inLanguage":"de-DE"}]}},"_links":{"self":[{"href":"https:\/\/languagetool.org\/insights\/de\/wp-json\/wp\/v2\/pages\/618","targetHints":{"allow":["GET"]}}],"collection":[{"href":"https:\/\/languagetool.org\/insights\/de\/wp-json\/wp\/v2\/pages"}],"about":[{"href":"https:\/\/languagetool.org\/insights\/de\/wp-json\/wp\/v2\/types\/page"}],"author":[{"embeddable":true,"href":"https:\/\/languagetool.org\/insights\/de\/wp-json\/wp\/v2\/users\/1"}],"replies":[{"embeddable":true,"href":"https:\/\/languagetool.org\/insights\/de\/wp-json\/wp\/v2\/comments?post=618"}],"version-history":[{"count":0,"href":"https:\/\/languagetool.org\/insights\/de\/wp-json\/wp\/v2\/pages\/618\/revisions"}],"wp:attachment":[{"href":"https:\/\/languagetool.org\/insights\/de\/wp-json\/wp\/v2\/media?parent=618"}],"curies":[{"name":"wp","href":"https:\/\/api.w.org\/{rel}","templated":true}]}}