{"id":4333,"date":"2024-03-16T01:37:16","date_gmt":"2024-03-16T01:37:16","guid":{"rendered":"https:\/\/quillbot.com\/es\/blog\/?page_id=4333"},"modified":"2025-07-09T10:30:32","modified_gmt":"2025-07-09T10:30:32","slug":"quillblog","status":"publish","type":"page","link":"https:\/\/languagetool.org\/insights\/es\/","title":{"rendered":"LanguageTool"},"content":{"rendered":"","protected":false},"excerpt":{"rendered":"","protected":false},"author":3,"featured_media":0,"parent":0,"menu_order":0,"comment_status":"closed","ping_status":"closed","template":"knowledgebase-2021.php","meta":{"_acf_changed":false,"_relevanssi_hide_post":"","_relevanssi_hide_content":"","_relevanssi_pin_for_all":"","_relevanssi_pin_keywords":"","_relevanssi_unpin_keywords":"","_relevanssi_related_keywords":"","_relevanssi_related_include_ids":"","_relevanssi_related_exclude_ids":"","_relevanssi_related_no_append":"","_relevanssi_related_not_related":"","_relevanssi_related_posts":"","_relevanssi_noindex_reason":"","footnotes":""},"class_list":["post-4333","page","type-page","status-publish"],"acf":[],"yoast_head":"<title>Insights: Consejos para redactar mejor en espa\u00f1ol<\/title>\n<meta name=\"description\" content=\"Nuestro blog \u201cInsights\u201d te ayudar\u00e1 a mejorar tus textos en espa\u00f1ol mediante consejos y recomendaciones sobre gram\u00e1tica, estilo u ortograf\u00eda.\" \/>\n<meta name=\"robots\" content=\"index, follow, max-snippet:-1, max-image-preview:large, max-video-preview:-1\" \/>\n<link rel=\"canonical\" href=\"https:\/\/languagetool.org\/insights\/es\/\" \/>\n<meta property=\"og:locale\" content=\"es_ES\" \/>\n<meta property=\"og:type\" content=\"article\" \/>\n<meta property=\"og:title\" content=\"LanguageTool\" \/>\n<meta property=\"og:url\" content=\"https:\/\/languagetool.org\/insights\/es\/\" \/>\n<meta property=\"og:site_name\" content=\"LanguageTool - Insights into Good Writing\" \/>\n<meta property=\"article:modified_time\" content=\"2025-07-09T10:30:32+00:00\" \/>\n<meta name=\"twitter:card\" content=\"summary_large_image\" \/>\n<script type=\"application\/ld+json\" class=\"yoast-schema-graph\">{\"@context\":\"https:\/\/schema.org\",\"@graph\":[{\"@type\":\"WebPage\",\"@id\":\"https:\/\/languagetool.org\/insights\/es\/\",\"url\":\"https:\/\/languagetool.org\/insights\/es\/\",\"name\":\"Insights: Consejos para redactar mejor en espa\u00f1ol\",\"isPartOf\":{\"@id\":\"https:\/\/languagetool.org\/insights\/es\/#website\"},\"datePublished\":\"2024-03-16T01:37:16+00:00\",\"dateModified\":\"2025-07-09T10:30:32+00:00\",\"description\":\"Nuestro blog \u201cInsights\u201d te ayudar\u00e1 a mejorar tus textos en espa\u00f1ol mediante consejos y recomendaciones sobre gram\u00e1tica, estilo u ortograf\u00eda.\",\"breadcrumb\":{\"@id\":\"https:\/\/languagetool.org\/insights\/es\/#breadcrumb\"},\"inLanguage\":\"es-ES\",\"potentialAction\":[{\"@type\":\"ReadAction\",\"target\":[\"https:\/\/languagetool.org\/insights\/es\/\"]}]},{\"@type\":\"BreadcrumbList\",\"@id\":\"https:\/\/languagetool.org\/insights\/es\/#breadcrumb\",\"itemListElement\":[{\"@type\":\"ListItem\",\"position\":1,\"name\":\"Home\",\"item\":\"https:\/\/languagetool.org\/insights\/es\/\"},{\"@type\":\"ListItem\",\"position\":2,\"name\":\"LanguageTool\"}]},{\"@type\":\"WebSite\",\"@id\":\"https:\/\/languagetool.org\/insights\/es\/#website\",\"url\":\"https:\/\/languagetool.org\/insights\/es\/\",\"name\":\"LanguageTool\",\"description\":\"Correct and precise writing can be a challenging undertaking. Gaining the right insights into the English language will allow you to skillfully optimize your texts.\",\"potentialAction\":[{\"@type\":\"SearchAction\",\"target\":{\"@type\":\"EntryPoint\",\"urlTemplate\":\"https:\/\/languagetool.org\/insights\/es\/?s={search_term_string}\"},\"query-input\":{\"@type\":\"PropertyValueSpecification\",\"valueRequired\":true,\"valueName\":\"search_term_string\"}}],\"inLanguage\":\"es-ES\"}]}<\/script>","yoast_head_json":{"title":"Insights: Consejos para redactar mejor en espa\u00f1ol","description":"Nuestro blog \u201cInsights\u201d te ayudar\u00e1 a mejorar tus textos en espa\u00f1ol mediante consejos y recomendaciones sobre gram\u00e1tica, estilo u ortograf\u00eda.","robots":{"index":"index","follow":"follow","max-snippet":"max-snippet:-1","max-image-preview":"max-image-preview:large","max-video-preview":"max-video-preview:-1"},"canonical":"https:\/\/languagetool.org\/insights\/es\/","og_locale":"es_ES","og_type":"article","og_title":"LanguageTool","og_url":"https:\/\/languagetool.org\/insights\/es\/","og_site_name":"LanguageTool - Insights into Good Writing","article_modified_time":"2025-07-09T10:30:32+00:00","twitter_card":"summary_large_image","schema":{"@context":"https:\/\/schema.org","@graph":[{"@type":"WebPage","@id":"https:\/\/languagetool.org\/insights\/es\/","url":"https:\/\/languagetool.org\/insights\/es\/","name":"Insights: Consejos para redactar mejor en espa\u00f1ol","isPartOf":{"@id":"https:\/\/languagetool.org\/insights\/es\/#website"},"datePublished":"2024-03-16T01:37:16+00:00","dateModified":"2025-07-09T10:30:32+00:00","description":"Nuestro blog \u201cInsights\u201d te ayudar\u00e1 a mejorar tus textos en espa\u00f1ol mediante consejos y recomendaciones sobre gram\u00e1tica, estilo u ortograf\u00eda.","breadcrumb":{"@id":"https:\/\/languagetool.org\/insights\/es\/#breadcrumb"},"inLanguage":"es-ES","potentialAction":[{"@type":"ReadAction","target":["https:\/\/languagetool.org\/insights\/es\/"]}]},{"@type":"BreadcrumbList","@id":"https:\/\/languagetool.org\/insights\/es\/#breadcrumb","itemListElement":[{"@type":"ListItem","position":1,"name":"Home","item":"https:\/\/languagetool.org\/insights\/es\/"},{"@type":"ListItem","position":2,"name":"LanguageTool"}]},{"@type":"WebSite","@id":"https:\/\/languagetool.org\/insights\/es\/#website","url":"https:\/\/languagetool.org\/insights\/es\/","name":"LanguageTool","description":"Correct and precise writing can be a challenging undertaking. Gaining the right insights into the English language will allow you to skillfully optimize your texts.","potentialAction":[{"@type":"SearchAction","target":{"@type":"EntryPoint","urlTemplate":"https:\/\/languagetool.org\/insights\/es\/?s={search_term_string}"},"query-input":{"@type":"PropertyValueSpecification","valueRequired":true,"valueName":"search_term_string"}}],"inLanguage":"es-ES"}]}},"_links":{"self":[{"href":"https:\/\/languagetool.org\/insights\/es\/wp-json\/wp\/v2\/pages\/4333","targetHints":{"allow":["GET"]}}],"collection":[{"href":"https:\/\/languagetool.org\/insights\/es\/wp-json\/wp\/v2\/pages"}],"about":[{"href":"https:\/\/languagetool.org\/insights\/es\/wp-json\/wp\/v2\/types\/page"}],"author":[{"embeddable":true,"href":"https:\/\/languagetool.org\/insights\/es\/wp-json\/wp\/v2\/users\/3"}],"replies":[{"embeddable":true,"href":"https:\/\/languagetool.org\/insights\/es\/wp-json\/wp\/v2\/comments?post=4333"}],"version-history":[{"count":1,"href":"https:\/\/languagetool.org\/insights\/es\/wp-json\/wp\/v2\/pages\/4333\/revisions"}],"predecessor-version":[{"id":105147,"href":"https:\/\/languagetool.org\/insights\/es\/wp-json\/wp\/v2\/pages\/4333\/revisions\/105147"}],"wp:attachment":[{"href":"https:\/\/languagetool.org\/insights\/es\/wp-json\/wp\/v2\/media?parent=4333"}],"curies":[{"name":"wp","href":"https:\/\/api.w.org\/{rel}","templated":true}]}}